{"id":99,"date":"2025-01-29T14:00:02","date_gmt":"2025-01-29T13:00:02","guid":{"rendered":"http:\/\/karinabeutheorr.com\/?page_id=99"},"modified":"2025-01-29T22:38:44","modified_gmt":"2025-01-29T21:38:44","slug":"home","status":"publish","type":"page","link":"https:\/\/karinabeutheorr.com\/","title":{"rendered":"Home FR"},"content":{"rendered":"<div class=\"wpb-content-wrapper\"><p>[vc_row unlock_row_content=\u00a0\u00bbyes\u00a0\u00bb row_height_percent=\u00a0\u00bb100&Prime; back_image=\u00a0\u00bb12&Prime; back_repeat=\u00a0\u00bbno-repeat\u00a0\u00bb back_attachment=\u00a0\u00bbfixed\u00a0\u00bb overlay_alpha=\u00a0\u00bb50&Prime; gutter_size=\u00a0\u00bb3&Prime; column_width_percent=\u00a0\u00bb100&Prime; shift_y=\u00a0\u00bb0&Prime; z_index=\u00a0\u00bb0&Prime; row_name=\u00a0\u00bbhome\u00a0\u00bb][vc_column width=\u00a0\u00bb4\/6&Prime;][\/vc_column][vc_column column_width_percent=\u00a0\u00bb100&Prime; position_vertical=\u00a0\u00bbmiddle\u00a0\u00bb gutter_size=\u00a0\u00bb3&Prime; overlay_alpha=\u00a0\u00bb50&Prime; shift_x=\u00a0\u00bb0&Prime; shift_y=\u00a0\u00bb0&Prime; shift_y_down=\u00a0\u00bb0&Prime; z_index=\u00a0\u00bb0&Prime; medium_width=\u00a0\u00bb0&Prime; mobile_width=\u00a0\u00bb0&Prime; width=\u00a0\u00bb2\/6&Prime;][vc_single_image media=\u00a0\u00bb93&Prime; media_width_percent=\u00a0\u00bb65&Prime;][vc_column_text uncode_shortcode_id=\u00a0\u00bb173707&Prime;]<strong>ACTUS 2024 : <\/strong><\/p>\n<p><strong>PUB MONDIALE DE LONGHI FACE \u00c0 BRAD PITT, R\u00c9ALIS\u00c9E PAR L&rsquo;OSCARIS\u00c9 BENNETT MILLER !<\/strong><\/p>\n<p><strong>\u201cIN HER CAR\u201d <\/strong>sur France 2, s\u00e9rie tourn\u00e9e en Ukraine en avril dernier. Lea, \u00e9pisode 3.<\/p>\n<p><strong>TOURNAGE \u201cPARLEMENT\u201d<\/strong>, s\u00e9rie France T\u00e9l\u00e9visions, \u00e0 Strasbourg et Bruxelles.<\/p>\n<p><strong>TOURNAGE \u201cTRETTEN\u201d<\/strong>, court-m\u00e9trage tourn\u00e9 en Norv\u00e8ge.<\/p>\n<p><strong>Th\u00e9\u00e2tre : \u201cBORDERLINE(S) INVESTIGATION #2\u201d<\/strong>, tourn\u00e9e 2023-24.<\/p>\n<p><strong>Th\u00e9\u00e2tre : \u201cLE MAGE DU KREMLIN\u201d<\/strong>, La Scala Automne 2024 ![\/vc_column_text][\/vc_column][\/vc_row][vc_row row_height_percent=\u00a0\u00bb100&Prime; back_image=\u00a0\u00bb25&Prime; back_repeat=\u00a0\u00bbno-repeat\u00a0\u00bb back_attachment=\u00a0\u00bbfixed\u00a0\u00bb overlay_color=\u00a0\u00bbcolor-jevc\u00a0\u00bb overlay_alpha=\u00a0\u00bb15&Prime; gutter_size=\u00a0\u00bb3&Prime; column_width_percent=\u00a0\u00bb100&Prime; shift_y=\u00a0\u00bb0&Prime; z_index=\u00a0\u00bb0&Prime; row_name=\u00a0\u00bbvideos\u00a0\u00bb][vc_column column_width_percent=\u00a0\u00bb85&Prime; position_horizontal=\u00a0\u00bbright\u00a0\u00bb position_vertical=\u00a0\u00bbmiddle\u00a0\u00bb gutter_size=\u00a0\u00bb3&Prime; overlay_alpha=\u00a0\u00bb50&Prime; shift_x=\u00a0\u00bb0&Prime; shift_y=\u00a0\u00bb0&Prime; shift_y_down=\u00a0\u00bb0&Prime; z_index=\u00a0\u00bb0&Prime; medium_width=\u00a0\u00bb0&Prime; mobile_width=\u00a0\u00bb0&Prime; width=\u00a0\u00bb1\/1&Prime;][vc_empty_space empty_h=\u00a0\u00bb1&Prime;][vc_custom_heading]<\/p>\n<h1>VIDEOS<\/h1>\n<p>[\/vc_custom_heading][vc_gallery el_id=\u00a0\u00bbgallery-922909&Prime; isotope_mode=\u00a0\u00bbfitRows\u00a0\u00bb medias=\u00a0\u00bb204,202,131,129,127,125,123,120,261&Prime; gutter_size=\u00a0\u00bb3&Prime; media_items=\u00a0\u00bbmedia|lightbox|poster,icon|md,title,description\u00a0\u00bb screen_lg=\u00a0\u00bb800&Prime; screen_md=\u00a0\u00bb600&Prime; screen_sm=\u00a0\u00bb480&Prime; single_text=\u00a0\u00bbunder\u00a0\u00bb images_size=\u00a0\u00bbsixteen-nine\u00a0\u00bb single_overlay_color=\u00a0\u00bbcolor-jevc\u00a0\u00bb single_overlay_opacity=\u00a0\u00bb40&Prime; single_text_visible=\u00a0\u00bbyes\u00a0\u00bb single_image_anim=\u00a0\u00bbno\u00a0\u00bb single_padding=\u00a0\u00bb0&Prime; single_title_weight=\u00a0\u00bb600&Prime; single_title_transform=\u00a0\u00bbuppercase\u00a0\u00bb single_icon=\u00a0\u00bbfa fa-play-circle-o\u00a0\u00bb single_border=\u00a0\u00bbyes\u00a0\u00bb single_css_animation=\u00a0\u00bbalpha-anim\u00a0\u00bb lbox_caption=\u00a0\u00bbyes\u00a0\u00bb lbox_no_tmb=\u00a0\u00bbyes\u00a0\u00bb uncode_shortcode_id=\u00a0\u00bb151299&Prime;][\/vc_column][\/vc_row][vc_row row_height_percent=\u00a0\u00bb100&Prime; back_image=\u00a0\u00bb58&Prime; back_repeat=\u00a0\u00bbno-repeat\u00a0\u00bb back_attachment=\u00a0\u00bbfixed\u00a0\u00bb overlay_alpha=\u00a0\u00bb15&Prime; gutter_size=\u00a0\u00bb3&Prime; column_width_percent=\u00a0\u00bb100&Prime; shift_y=\u00a0\u00bb0&Prime; z_index=\u00a0\u00bb0&Prime; row_name=\u00a0\u00bbphotos\u00a0\u00bb][vc_column column_width_percent=\u00a0\u00bb75&Prime; position_horizontal=\u00a0\u00bbright\u00a0\u00bb position_vertical=\u00a0\u00bbmiddle\u00a0\u00bb gutter_size=\u00a0\u00bb3&Prime; overlay_alpha=\u00a0\u00bb50&Prime; shift_x=\u00a0\u00bb0&Prime; shift_y=\u00a0\u00bb0&Prime; shift_y_down=\u00a0\u00bb0&Prime; z_index=\u00a0\u00bb0&Prime; medium_width=\u00a0\u00bb0&Prime; mobile_width=\u00a0\u00bb0&Prime; width=\u00a0\u00bb1\/1&Prime;][vc_empty_space empty_h=\u00a0\u00bb1&Prime;][vc_custom_heading]<\/p>\n<h1>PHOTOS<\/h1>\n<p>[\/vc_custom_heading][vc_gallery el_id=\u00a0\u00bbgallery-922909&Prime; medias=\u00a0\u00bb156,53,167,165,43,171,55,175,52,173,45,169,51,163,41,47,54,49,48,42,50,46,44&Prime; gutter_size=\u00a0\u00bb0&Prime; media_items=\u00a0\u00bbmedia|lightbox|original\u00a0\u00bb screen_lg=\u00a0\u00bb680&Prime; screen_md=\u00a0\u00bb480&Prime; screen_sm=\u00a0\u00bb360&Prime; single_text=\u00a0\u00bbunder\u00a0\u00bb images_size=\u00a0\u00bbone-one\u00a0\u00bb single_style=\u00a0\u00bbdark\u00a0\u00bb single_overlay_color=\u00a0\u00bbcolor-jevc\u00a0\u00bb single_overlay_opacity=\u00a0\u00bb50&Prime; single_image_anim=\u00a0\u00bbno\u00a0\u00bb single_padding=\u00a0\u00bb2&Prime; single_title_weight=\u00a0\u00bb600&Prime; single_title_transform=\u00a0\u00bbuppercase\u00a0\u00bb single_border=\u00a0\u00bbyes\u00a0\u00bb single_css_animation=\u00a0\u00bbalpha-anim\u00a0\u00bb lbox_caption=\u00a0\u00bbyes\u00a0\u00bb lbox_no_tmb=\u00a0\u00bbyes\u00a0\u00bb][\/vc_column][\/vc_row][vc_row row_height_percent=\u00a0\u00bb100&Prime; back_image=\u00a0\u00bb61&Prime; back_repeat=\u00a0\u00bbno-repeat\u00a0\u00bb back_attachment=\u00a0\u00bbfixed\u00a0\u00bb overlay_color=\u00a0\u00bbcolor-jevc\u00a0\u00bb overlay_alpha=\u00a0\u00bb20&Prime; gutter_size=\u00a0\u00bb3&Prime; column_width_percent=\u00a0\u00bb100&Prime; shift_y=\u00a0\u00bb0&Prime; z_index=\u00a0\u00bb0&Prime; row_name=\u00a0\u00bbcv\u00a0\u00bb][vc_column column_width_percent=\u00a0\u00bb85&Prime; position_horizontal=\u00a0\u00bbright\u00a0\u00bb gutter_size=\u00a0\u00bb3&Prime; overlay_alpha=\u00a0\u00bb50&Prime; shift_x=\u00a0\u00bb0&Prime; shift_y=\u00a0\u00bb0&Prime; shift_y_down=\u00a0\u00bb0&Prime; z_index=\u00a0\u00bb0&Prime; medium_width=\u00a0\u00bb0&Prime; mobile_width=\u00a0\u00bb0&Prime; width=\u00a0\u00bb1\/1&Prime;][vc_empty_space empty_h=\u00a0\u00bb1&Prime;][vc_custom_heading]<\/p>\n<h1>CV<\/h1>\n<p>[\/vc_custom_heading][vc_column_text uncode_shortcode_id=\u00a0\u00bb172742&Prime;]Belgo-su\u00e9doise, vit \u00e0 Paris<\/p>\n<p>Fran\u00e7ais et Anglais langues maternelles<br \/>\nN\u00e9\u00e9rlandais bilingue,<br \/>\nSu\u00e9dois, Espagnol et Italien courant<\/p>\n<p>Cheveux blonds, yeux bleus<br \/>\n1m72<\/p>\n<p><span class=\"Apple-style-span\">. . . . . . . . . . . . . . . . . . . . . . . . . . . . . . .<\/span><\/p>\n<h3>LONG-M\u00c9TRAGE<\/h3>\n<p><strong>2023 \u00a0 <\/strong>\u00ab\u00a0Normale\u00a0\u00bb <em>&#8211;<\/em> Olivier BABINET<strong><br \/>\n2022<\/strong>\u00a0 \u00a0\u00ab\u00a0Irr\u00e9ductible\u00a0\u00bb\u00a0<em>&#8211;<\/em> J\u00e9r\u00f4me COMMANDEUR<br \/>\n<em>&#8211; Grand Prix du Festival de l&rsquo;Alpe d&rsquo;Huez<\/em><strong><br \/>\n2022<\/strong>\u00a0 \u00a0\u00ab\u00a0Enqu\u00eate sur un Scandale d&rsquo;\u00c9tat\u00a0\u00bb\u00a0<em>&#8211;<\/em> Thierry DE PERETTI<br \/>\n<strong>2020<\/strong>\u00a0 \u00a0\u00ab\u00a0Resistance\u00a0\u00bb\u00a0<em>&#8211;<\/em> Jonathan JAKUBOWICZ<br \/>\n<strong>2018<\/strong>\u00a0 \u00a0\u00ab\u00a0La Ch\u2019Tite Famille\u00a0\u00bb\u00a0<em>&#8211;<\/em> Dany BOON<br \/>\n<strong>2014<\/strong>\u00a0 \u00a0\u00ab\u00a0Un Homme Id\u00e9al\u00a0\u00bb\u00a0<em>&#8211;<\/em> Yann GOZLAN<br \/>\n<strong>2012<\/strong>\u00a0 \u00a0\u00ab\u00a0Ne Nous Soumets pas \u00e0 la Tentation\u00a0\u00bb\u00a0<em>&#8211;<\/em> Cheyenne CARRON<br \/>\n<em>&#8211; Best Film au Braunschweig Festival (Allemagne)<\/em><br \/>\n<strong>2011<\/strong>\u00a0 \u00a0\u00ab\u00a0L\u2019Exercice de l\u2019Etat\u00a0\u00bb\u00a0&#8211; Pierre SCHOELLER<br \/>\n<em>&#8211; S\u00e9lectionn\u00e9 dans la cat\u00e9gorie \u00ab\u00a0Un Certain Regard\u00a0\u00bb Cannes 2011<\/em><br \/>\n<em>&#8211; Prix du Meilleur Sc\u00e9nario et Meilleur Son C\u00e9sar 2012<\/em><br \/>\n<strong>2011<\/strong>\u00a0 \u00a0\u00ab\u00a0Et soudain, tout le monde me manque\u00a0\u00bb\u00a0&#8211; Jennifer DEVOLD\u00c8RE<br \/>\n<strong>2009 \u00a0<\/strong>\u00a0\u00ab\u00a0Mus\u00e9e Haut Mus\u00e9e Bas\u00a0\u00bb\u00a0&#8211; Jean-Michel RIBES<br \/>\n<strong>2008<\/strong>\u00a0 \u00a0\u00ab\u00a0La Troisi\u00e8me Partie du Monde\u00a0\u00bb\u00a0&#8211; Eric FORESTIER<\/p>\n<h3>T\u00c9L\u00c9VISION<\/h3>\n<p><strong>2025 \u00a0<\/strong>\u00ab\u00a0Band of Spies\u00a0\u00bb s\u00e9rie Paramount+<br \/>\nR\u00f4le : Mme Martin<strong><br \/>\n2024 \u00a0<\/strong>\u00ab\u00a0Parlement\u00a0\u00bb France T\u00e9l\u00e9visions &#8211; No\u00e9 DEBR\u00c9<br \/>\nR\u00f4le : Dircab<strong><br \/>\n2024 \u00a0<\/strong>\u00ab\u00a0In Her Car\u00a0\u00bb European Launch of series about Ukraine war &#8211; Eugen TUNICK<br \/>\nR\u00f4le : Lea<strong><br \/>\n2019 \u00a0<\/strong>\u00a0\u00ab\u00a0The Crown\u00a0\u00bb (Netflix UK) Saison 4 &#8211; Paul WHITTINGTON<br \/>\nR\u00f4le : Anne-Charlotte Verney<br \/>\n<strong>2019 \u00a0<\/strong>\u00a0\u00ab\u00a0Adult Material\u00a0\u00bb (UK Channel 4) Saison 1 &#8211; Dawn SHADFORTH<br \/>\nR\u00f4le : Silje<br \/>\n<strong>2019 \u00a0<\/strong>\u00a0\u00ab\u00a0Trigonometry\u00a0\u00bb 5UK BBC2) Saison 1 &#8211; Atsina-Rachel TSANGARI<br \/>\nR\u00f4le : Lynn<br \/>\n<strong>2018-19 \u00a0<\/strong>\u00a0\u00ab\u00a0Engrenages\u00a0\u00bb Saison 7 &#8211; Jean-Philippe AMAR<br \/>\nR\u00f4le : Anne-Marie Lazare<br \/>\n<strong>2018-19 \u00a0<\/strong>\u00a0\u00ab\u00a0Sous la Peau\u00a0\u00bb &#8211; Didier LE P\u00caCHEUR<br \/>\nR\u00f4le : Lydia<br \/>\n<strong>2017 \u00a0<\/strong>\u00a0\u00ab\u00a0Surrogate Partner Therapy\u00a0\u00bb BLACKPILLS &#8211;\u00a0Mateo GUEZ<br \/>\nR\u00f4le : Paula<br \/>\n<strong>2016<\/strong>\u00a0 \u00a0\u00ab\u00a0Profilage\u00a0\u00bb Saison 7 &#8211;\u00a0Vincent JAMAIN<br \/>\nR\u00f4le : Alexandra Mandel<br \/>\n<strong>2014<\/strong>\u00a0 \u00a0\u00ab\u00a0Commissaire Magellan\u00a0\u00bb 17 &#8211;\u00a0G\u00e9rard DHAENE<br \/>\nR\u00f4le : Emma Delvaux<br \/>\n<strong>2011<\/strong>\u00a0 \u00a0\u00ab\u00a0Section de Recherche\u00a0\u00bb Saison 5 &#8211;\u00a0G\u00e9rard MARX<br \/>\nR\u00f4le : Ingrid Dubreuil<\/p>\n<h3>PILOTE S\u00c9RIE<\/h3>\n<p><strong>2013 \u00a0<\/strong> \u00ab\u00a0Secret Paris with Cara Black\u00a0\u00bb (pilote s\u00e9rie US)<br \/>\n<strong>2010 \u00a0<\/strong> \u00ab\u00a0Morning Star\u00a0\u00bb (pilote s\u00e9rie US) &#8211;\u00a0Klemen NOVAK<br \/>\n<strong>2008<\/strong>\u00a0 \u00a0\u00ab\u00a0Lost Memories\u00a0\u00bb &#8211;\u00a0Anne LARROQUE<\/p>\n<h3>COURT-M\u00c9TRAGE<\/h3>\n<p><strong>2023 \u00a0<\/strong>\u00ab\u00a0Tretten\u00a0\u00bb <em>&#8211;<\/em> Maxime VAUX<strong><br \/>\n2022 \u00a0<\/strong> <strong>\u00ab\u00a0Nous Deux ou Bien Rien\u00a0\u00bb &#8211; Karina BEUTHE ORR (sc\u00e9nariste\/r\u00e9alisatrice)<br \/>\n<\/strong><em>&#8211; S\u00e9lectionn\u00e9 aux Rome Prisma Awards, Berlin Indie Festival, Cannes Shorts, Sunday Shorts (UK), Paris Courts Devant, Paris International Film Festival, Stockholm City Film Festival, Boden International Film Festival, 5<sup>th<\/sup>\u00a0International Women Filmmakers Festival (T)<br \/>\n<\/em><strong>2021 \u00a0<\/strong> \u00ab\u00a0Mirror Mirror\u00a0\u00bb Bj\u00f6rn RUHMANN (UK)<br \/>\n<strong>2019 \u00a0<\/strong> \u00ab\u00a0Toile Blanche\u00a0\u00bb &#8211; Chlo\u00e9 STINUS &amp; Candice P\u00c9TERS<br \/>\n<strong>2019 \u00a0<\/strong> \u00ab\u00a0Oranda\u00a0\u00bb &#8211;\u00a0Livan GARCIA-DUQUESNE (UK)<br \/>\n<em>&#8211; Meilleure Actrice aux Rome Prisma Awards<\/em><br \/>\n<strong>2018-19 \u00a0<\/strong> \u00ab\u00a0Carr\u00e9 644\u00a0\u00bb &#8211;\u00a0Azize KABOUCHE<br \/>\n<strong>2018\u00a0<\/strong> \u00ab\u00a0Inheritance\u00a0\u00bb &#8211; Olivier LACOMBE<br \/>\n<strong>2017 \u00a0<\/strong> \u00ab\u00a0Lunar Prospector One\u00a0\u00bb &#8211;\u00a0Constance GUIRLET<br \/>\n<strong>2015<\/strong>\u00a0 \u00a0\u00ab\u00a0La Valse de Marylore\u00a0\u00bb &#8211;\u00a0Marco CONTI SIKIC<br \/>\n<strong>2013 \u00a0<\/strong>\u00a0\u00ab\u00a0K\u00f6nigsberg\u00a0\u00bb &#8211; Philipp MAYRHOFER<br \/>\n<em>\u00a0 &#8211; S\u00e9lectionn\u00e9 dans le Festival de Cannes<\/em><br \/>\n<strong>2012 \u00a0<\/strong> \u00ab\u00a0Belgian Story\u00a0\u00bb &#8211;\u00a0Myriam DONASIS<br \/>\n<em>\u00a0 &#8211; S\u00e9lectionn\u00e9 dans les Festivals de Brussels, Torino, Cleveland, Montreal, Zurich, Amsterdam\u2026<\/em><br \/>\n<strong>2008 \u00a0<\/strong> \u00ab\u00a0Les Quatre Colonnes\u00a0\u00bb &#8211; Azize KABOUCHE<br \/>\n<strong>2007<\/strong>\u00a0 \u00a0\u00ab\u00a0V.1047\u00a0\u00bb &#8211; Fred GASIMOV<br \/>\n<strong>2006 \u00a0<\/strong> \u00ab\u00a0Histoires\u00a0\u00bb &#8211; Yoel DAHAN<br \/>\n<strong>2004 \u00a0<\/strong> \u00ab\u00a0Surprise\u00a0\u00bb &#8211; Jacques BEDEL<br \/>\n<strong>2003 \u00a0<\/strong> \u00ab\u00a0La Peur\u00a0\u00bb &#8211; Meta AKKUS<br \/>\n<strong>2003 \u00a0<\/strong> \u00ab\u00a0Combien?\u00a0\u00bb &#8211; Laurent COLTELLONI\/Gilles TILLET<br \/>\n<em>\u00a0 &#8211; Prix du Meilleur Film aux Festivals de Milan et Valladolid 2004<\/em><br \/>\n<strong>2002 \u00a0<\/strong> \u00ab\u00a0Les Gays Envahisseurs\u00a0\u00bb &#8211; Myriam DONASIS<\/p>\n<h3>TH\u00c9\u00c2TRE<\/h3>\n<p><strong>2023<\/strong>\u00a0 \u00a0\u00ab\u00a0Le Mage du Kremlin\u00a0\u00bb Giuliano DA EMPOLI\/Rolalnd AUZET<br \/>\n<strong>2022<\/strong>\u00a0 \u00a0\u00ab\u00a0Borderline(s) Investigation #2\u00a0\u00bb Fr\u00e9d\u00e9ric FERRER, cr\u00e9a novembre 2022<br \/>\n<strong>2022<\/strong>\u00a0 \u00a0\u00ab\u00a0Nous l&rsquo;Europe Banquet des Peuples\u00a0\u00bb Laurent GAUD\u00c9\/Roland AUZET<br \/>\n<strong>2019-20<\/strong>\u00a0 \u00a0\u00ab\u00a065 Miles\u00a0\u00bb Matt HARTLEY\/Pamela RAVASSARD<br \/>\n<strong>2018-22<\/strong>\u00a0 \u00a0\u00ab\u00a0Borderline(s) Investigation #1\u00a0\u00bb Fr\u00e9d\u00e9ric FERRER<br \/>\n<strong>2015-20<\/strong>\u00a0 \u00a0\u00ab\u00a0Kyoto Forever 2\u00a0\u00bb Fr\u00e9d\u00e9ric FERRER<br \/>\n<strong>2015<\/strong>\u00a0 104 \u00ab\u00a0D\u00e9voration\u00a0\u00bb creation collective mes. Maxime FRANZETTI<br \/>\n<strong>2012<\/strong>\u00a0 TH\u00c9\u00c2TRE OUVERT, \u00ab\u00a0Ouverture\u00a0\u00bb Arnaud CATHRINE\/Philippe CALVARIO<br \/>\n<strong>2011<\/strong>\u00a0 TH\u00c9\u00c2TRE DE L\u2019EST PARISIEN,\u00a0\u00bbSonate pour quatre auteurs\u00a0\u00bb BERGMAN\/Azize KABOUCHE<br \/>\n<strong>2007<\/strong>\u00a0 TH\u00c9\u00c2TRE DE LA REINE BLANCHE, \u00ab\u00a0Le Nain\u00a0\u00bb d&rsquo;Assane TIMBO<br \/>\n<strong>2007<\/strong>\u00a0 TH\u00c9\u00c2TRE 13, \u00ab\u00a0Ambulance\u00a0\u00bb Gregory MOTTON\/Maxime FRANZETTI<br \/>\n<strong>2007<\/strong>\u00a0 TH\u00c9\u00c2TRE NORD-OUEST, \u00ab\u00a0Tableau d\u2019une ex\u00e9cution\u00a0\u00bb Howard BARKER\/Pauline MANDROUX<br \/>\n<strong>2006<\/strong>\u00a0 TH\u00c9\u00c2TRE DU MARAIS, \u00ab\u00a0Rorschach\u00a0\u00bb\u00a0cr\u00e9ation d\u2019\u00e9criture collective de Classe Libre<br \/>\n<strong>2006<\/strong>\u00a0 \u00a0VINGTI\u00c8ME TH\u00c9\u00c2TRE, \u00ab\u00a0A Woman of Mystery\u00a0\u00bb de CASSAVETES\/Marc GOLDBERG<br \/>\n<strong>2006<\/strong>\u00a0 \u00a0VINGTI\u00c8ME TH\u00c9\u00c2TRE + AVIGNON OFF, \u00ab\u00a0La Farce du Cuvier\u00a0\u00bb\u00a0Marc GOLDBERG<br \/>\n<strong>2004-06<\/strong>\u00a0 TH\u00c9\u00c2TRE DU ROND-POINT, \u00ab\u00a0Mus\u00e9e Haut, Mus\u00e9e Bas\u00a0\u00bb\u00a0Jean-Michel RIBES<br \/>\n<strong>2005<\/strong>\u00a0 AVIGNON OFF, \u00ab\u00a0Je suis ta m\u00e9moire\u00a0\u00bb Sophie BALAZARD<br \/>\n<strong>2005<\/strong>\u00a0 \u00a0FESTIVAL SAINT-MAND\u00c9, \u00ab\u00a0Le Barbier de S\u00e9ville\u00a0\u00bb BEAUMARCHAIS\/Paul DELIZE<br \/>\n<strong>2004<\/strong>\u00a0 \u00a0NORMANDY TOUR, \u00ab\u00a0Henri II\u00a0\u00bb Vytas KRAUJELIS<br \/>\n<strong>2004<\/strong>\u00a0 TH\u00c9\u00c2TRE DES BOUFFES DU NORD, \u00ab\u00a0Roberto Zucco\u00a0\u00bb B-M KOLTES\/Philippe CALVARIO<br \/>\n<strong>2003<\/strong>\u00a0 TH\u00c9\u00c2TRE CLAVEL, \u00ab\u00a0Les Mangeuses de Chocolat\u00a0\u00bb Philippe BLASBAND\/Fleur MICHELS<br \/>\n<strong>2003 \u00a0<\/strong> TH\u00c9\u00c2TRE DU MARAIS, \u00ab\u00a0The Laramie Project\u00a0\u00bb de M. KAUFMANN\/Lesley CHATTERLEY<\/p>\n<h3>PUBLICIT\u00c9<\/h3>\n<p><strong>2023-24 \u00a0 DE LONGHI feat BRAD PITT \u2013 Bennett MILLER<\/strong><\/p>\n<p><strong>2019 \u00a0<\/strong> OPTIC 2000 \u2013 Vincent DE BRUS (PM SA)<br \/>\n<strong>2008 \u00a0<\/strong> MAAF \u2013 Jean-Michel RIBES (Olive Prod)<br \/>\n<strong>2008<\/strong>\u00a0 \u00a0VOLKSWAGEN \u2013 Arnaud ROUSSEL (Why Us? Prod)<br \/>\n<strong>2007<\/strong>\u00a0 \u00a0DASSAULT \u2013 Pascal FELLOUS (film institutionnel)<br \/>\n<strong>2007<\/strong>\u00a0 \u00a0CORSAIRFLY \u2013 Olivier BABINET (Irene Productions)<br \/>\n<strong>2007<\/strong>\u00a0 \u00a0DANETTE \u2013 Ricardo ALBINANA (Albinana Productions)<br \/>\n<strong>2006<\/strong>\u00a0 \u00a0SIEMENS \u2013 Pierre ISOARD (Blue Marlyn)<br \/>\n<strong>2005<\/strong>\u00a0 \u00a0MAAF \u2013 Jean-Michel RIBES (Olive Prod)<br \/>\n<strong>2004\u00a0 \u00a0<\/strong>NISSAN \u2013 Guillaume COURET (Auditoire)<\/p>\n<h3>CLIP VID\u00c9O<\/h3>\n<p><strong>2021 \u00a0 <\/strong>SHA\u00c2RGHOT\u00a0\u2013 Etienne BIANCHI<strong><br \/>\n2014<\/strong>\u00a0 \u00a0INNA MODJA \u2013 Marco CONTI SIKIC<br \/>\n<strong>2012<\/strong>\u00a0 \u00a0TAHITI BOY \u2013 Arnaud DELORD<br \/>\n<strong>2006<\/strong>\u00a0 \u00a0MICHEL SARDOU \u2013 Olivier MARCHAL<\/p>\n<h6>. . . . . . . . . . . . . . . . . . . . . . . . . . . . . . .<\/h6>\n<h3>FORMATION<\/h3>\n<p><strong>2022 \u00a0 <\/strong>\u00abThe Satirical Clown\u00bb avec CLIVE MENDUS\/SIMON MC BURNEY (London) <strong><br \/>\n2021 \u00a0 <\/strong>\u00ab100% English\u00bb avec ELISE MC LEOD <strong><br \/>\n2020 \u00a0 <\/strong>\u00abAction in English\u00bb avec JOE SHERIDAN<strong><br \/>\n2017<\/strong>\u00a0 \u00a0\u00ab\u00a0Per(f)ilmiques\u00a0\u00bb avec Cyril TESTE &amp; Jo\u00ebl JOUANNEAU<br \/>\n<strong>2013<\/strong>\u00a0 \u00a0\u00ab\u00a0One Play, One Role\u00a0\u00bb avec Jordan BESWICK<br \/>\n<strong>2012<\/strong>\u00a0 \u00a0\u00ab\u00a0Novels Voices\u00a0\u00bb avec Philippe CALVARY &amp; Arnaud CATHRINE<br \/>\n<strong>2012<\/strong>\u00a0 \u00a0AMANDIERS THEATRE \u00ab\u00a0Confinement\u00a0\u00bb avec Abb\u00e8s ZAHMANI<br \/>\n<strong>2011<\/strong>\u00a0 \u00a0\u00ab\u00a0Violence in Contemporary Writing\u00a0\u00bb avec Philippe CALVARIO &amp; Ivan CALBERAC<br \/>\n<strong>2010\u00a0<\/strong>\u00a0EST PARISIEN THEATRE \u00ab\u00a0Tchekhov &amp; Bergman\u00a0\u00bb avec Azize KABOUCHE<br \/>\n<strong>2009<\/strong>\u00a0 CHAILLOT NATIONAL THEATRE, Paris avec Isabelle RATTIER<br \/>\n<strong>2007<\/strong>\u00a0 \u00a0Stage \u00ab\u00a0In Front of the Camera\u00a0\u00bb avec Nora HABIB<br \/>\n<strong>2005<\/strong>\u00a0 \u00a0S\u00e9lection Prix Olga Horstig<br \/>\n<strong>2004-2006<\/strong>\u00a0 \u00a0Classe Libre Promotion XXV (J-P GARNIER,\u2028St\u00e9phane AUVRAY-NAUROY, C\u00e9dric PREVOST)<br \/>\n<strong>2001-2004 \u00a0<\/strong>\u00a0Cours Florent (Vytas KRAUJELIS, Nathalie DORVAL, J\u00e9r\u00f4me POULY)<br \/>\n<strong>2001-2004<\/strong>\u00a0 \u00a0\u00ab Acting in English \u00bb &#8211; Advanced class (Lesley CHATTERLEY)<br \/>\n<strong>2003<\/strong>\u00a0 \u00a0Stage masque neutre et Commedia dell\u2019arte dirig\u00e9 par Guy-Jo\u00ebl PARIS<br \/>\n<strong>2001-2002<\/strong>\u00a0 \u00a0DEUG d\u2019Etudes Th\u00e9\u00e2trales Sorbonne Paris III<\/p>\n<p>. . . . . . . . . . . . . . . . . . . . . . . . . . . . . . .<\/p>\n<p><strong>1998-2001<\/strong>\u00a0 \u00a0EMI Music France : Responsable D\u00e9veloppement et Communication Internationale<br \/>\n<strong>1997-1998<\/strong>\u00a0 \u00a0Centre Culturel Communaut\u00e9 Fran\u00e7aise de Belgique : Responsable Communication<br \/>\n<strong>1994-1997<\/strong>\u00a0 \u00a0EMI Music Belgium : Attach\u00e9e de presse<br \/>\n<strong>1988-1993 \u00a0<\/strong>\u00a0Acad\u00e9mie Royale des Beaux-Arts d&rsquo;Anvers\/Belgique\u2028- sp\u00e9cialisation Graphisme<\/p>\n<h6>. . . . . . . . . . . . . . . . . . . . . . . . . . . . . . .<\/h6>\n<p><strong>Sport<\/strong> : natation (10 ans de natation synchronis\u00e9e), yoga, footing, ski,<br \/>\nEquitation : trot enlev\u00e9, galop, saut, session \u00e0 la jambe, recul, approche de la mont\u00e9e en amazone.<\/p>\n<p><strong>Permis de conduire<\/strong>[\/vc_column_text][\/vc_column][\/vc_row][vc_row row_height_percent=\u00a0\u00bb50&Prime; back_image=\u00a0\u00bb63&Prime; back_repeat=\u00a0\u00bbno-repeat\u00a0\u00bb back_attachment=\u00a0\u00bbfixed\u00a0\u00bb overlay_alpha=\u00a0\u00bb50&Prime; gutter_size=\u00a0\u00bb3&Prime; column_width_percent=\u00a0\u00bb100&Prime; shift_y=\u00a0\u00bb0&Prime; z_index=\u00a0\u00bb0&Prime; mobile_visibility=\u00a0\u00bbyes\u00a0\u00bb row_height_pixel=\u00a0\u00bb100px\u00a0\u00bb][vc_column width=\u00a0\u00bb1\/1&Prime;][\/vc_column][\/vc_row][vc_row row_height_percent=\u00a0\u00bb100&Prime; back_image=\u00a0\u00bb65&Prime; back_repeat=\u00a0\u00bbno-repeat\u00a0\u00bb back_attachment=\u00a0\u00bbfixed\u00a0\u00bb overlay_alpha=\u00a0\u00bb15&Prime; gutter_size=\u00a0\u00bb3&Prime; column_width_percent=\u00a0\u00bb100&Prime; shift_y=\u00a0\u00bb0&Prime; z_index=\u00a0\u00bb0&Prime; row_name=\u00a0\u00bbcontact\u00a0\u00bb][vc_column column_width_percent=\u00a0\u00bb100&Prime; position_vertical=\u00a0\u00bbmiddle\u00a0\u00bb gutter_size=\u00a0\u00bb3&Prime; overlay_alpha=\u00a0\u00bb50&Prime; shift_x=\u00a0\u00bb0&Prime; shift_y=\u00a0\u00bb0&Prime; shift_y_down=\u00a0\u00bb0&Prime; z_index=\u00a0\u00bb0&Prime; medium_width=\u00a0\u00bb0&Prime; mobile_width=\u00a0\u00bb0&Prime; width=\u00a0\u00bb1\/1&Prime;][vc_empty_space empty_h=\u00a0\u00bb2&Prime;][vc_row_inner][vc_column_inner width=\u00a0\u00bb1\/2&Prime;][\/vc_column_inner][vc_column_inner width=\u00a0\u00bb1\/2&Prime;][vc_column_text uncode_shortcode_id=\u00a0\u00bb196326&Prime;]<\/p>\n<h3><b><br \/>\n<\/b>AGENT FR<\/h3>\n<p><span class=\"font-377884\"><strong><span class=\"font-377884\">Paul Bribosia<\/span><\/strong><\/span><\/p>\n<div>NOMA Talents<\/div>\n<div>31 bv. de la Tour Maubourg<\/div>\n<div>75007 Paris<\/div>\n<div><\/div>\n<div>paul@noma-talents.com<\/div>\n<div><\/div>\n<p>[\/vc_column_text][\/vc_column_inner][\/vc_row_inner][\/vc_column][\/vc_row]<\/p>\n<\/div>","protected":false},"excerpt":{"rendered":"<p>[vc_row unlock_row_content=\u00a0\u00bbyes\u00a0\u00bb row_height_percent=\u00a0\u00bb100&Prime; back_image=\u00a0\u00bb12&Prime; back_repeat=\u00a0\u00bbno-repeat\u00a0\u00bb back_attachment=\u00a0\u00bbfixed\u00a0\u00bb overlay_alpha=\u00a0\u00bb50&Prime; gutter_size=\u00a0\u00bb3&Prime; column_width_percent=\u00a0\u00bb100&Prime; shift_y=\u00a0\u00bb0&Prime; z_index=\u00a0\u00bb0&Prime; row_name=\u00a0\u00bbhome\u00a0\u00bb][vc_column width=\u00a0\u00bb4\/6&Prime;][\/vc_column][vc_column column_width_percent=\u00a0\u00bb100&Prime; position_vertical=\u00a0\u00bbmiddle\u00a0\u00bb gutter_size=\u00a0\u00bb3&Prime; overlay_alpha=\u00a0\u00bb50&Prime; shift_x=\u00a0\u00bb0&Prime; shift_y=\u00a0\u00bb0&Prime; shift_y_down=\u00a0\u00bb0&Prime; [&hellip;]<\/p>\n","protected":false},"author":1,"featured_media":0,"parent":0,"menu_order":0,"comment_status":"closed","ping_status":"closed","template":"","meta":{"footnotes":""},"class_list":["post-99","page","type-page","status-publish","hentry"],"_links":{"self":[{"href":"https:\/\/karinabeutheorr.com\/index.php\/wp-json\/wp\/v2\/pages\/99","targetHints":{"allow":["GET"]}}],"collection":[{"href":"https:\/\/karinabeutheorr.com\/index.php\/wp-json\/wp\/v2\/pages"}],"about":[{"href":"https:\/\/karinabeutheorr.com\/index.php\/wp-json\/wp\/v2\/types\/page"}],"author":[{"embeddable":true,"href":"https:\/\/karinabeutheorr.com\/index.php\/wp-json\/wp\/v2\/users\/1"}],"replies":[{"embeddable":true,"href":"https:\/\/karinabeutheorr.com\/index.php\/wp-json\/wp\/v2\/comments?post=99"}],"version-history":[{"count":47,"href":"https:\/\/karinabeutheorr.com\/index.php\/wp-json\/wp\/v2\/pages\/99\/revisions"}],"predecessor-version":[{"id":295,"href":"https:\/\/karinabeutheorr.com\/index.php\/wp-json\/wp\/v2\/pages\/99\/revisions\/295"}],"wp:attachment":[{"href":"https:\/\/karinabeutheorr.com\/index.php\/wp-json\/wp\/v2\/media?parent=99"}],"curies":[{"name":"wp","href":"https:\/\/api.w.org\/{rel}","templated":true}]}}